{"id":46,"date":"2021-05-31T15:46:54","date_gmt":"2021-05-31T15:46:54","guid":{"rendered":"https:\/\/rimaazar.ca\/?page_id=46"},"modified":"2021-06-07T19:43:01","modified_gmt":"2021-06-07T22:43:01","slug":"about","status":"publish","type":"page","link":"https:\/\/rimaazar.ca\/index.php\/about\/","title":{"rendered":"About"},"content":{"rendered":"\n<p>Hello, my name is Rima Azar. I am an Associate Professor of Health Psychology. I am a former holder of a CIHR salary award in Developmental Psychoneuroimmunology.<\/p>\n\n\n\n<p>Bonjour, je m&#8217;appelle Rima Azar. Je suis professeure associ\u00e9e en psychologie de la sant\u00e9. Je suis une ancienne titulaire d&#8217;une bourse salariale des IRSC en psychoneuroimmunologie d\u00e9veloppementale.<\/p>\n\n\n\n<hr class=\"wp-block-separator\"\/>\n\n\n\n<p>OTHER AFFILIATIONS:<\/p>\n\n\n\n<p>Adjunct Professor, Dalhousie Medicine New Brunswick.<\/p>\n\n\n\n<p>Adjunct Professor, \u00c9cole de Psychologie (School of Psychology), Faculty of Health Sciences and Community Services, Universit\u00e9 de Moncton (until 2015)<\/p>\n\n\n\n<p>Honorary Research Associate in the Interdisciplinary PhD Program at the University of New Brunswick (UNB; until 2014)<\/p>\n\n\n\n<p>Co-Scientific lead in the tripartite leadership of the NB-SPOR-PIHCI (New Brunswick Strategy for Patient Oriented Research &#8211; Primary and Integrated Health Care Innovations) Network; a provincial network including 120 stakeholders under the leadership of two researchers, two clinicians, and two policy makers.<\/p>\n\n\n\n<p>Former CIHR Advisory Board Member for the Institute of Human Development, Child, and Youth Health (IHDCYH; September, 2013-December, 2019)<\/p>\n","protected":false},"excerpt":{"rendered":"<p>Hello, my name is Rima Azar. I am an Associate Professor of Health Psychology. I am a former holder of a CIHR salary award in Developmental Psychoneuroimmunology. Bonjour, je m&#8217;appelle Rima Azar. Je suis professeure associ\u00e9e en psychologie de la sant\u00e9. Je suis une ancienne titulaire d&#8217;une bourse salariale des IRSC en psychoneuroimmunologie d\u00e9veloppementale. OTHER&hellip; <a class=\"more-link\" href=\"https:\/\/rimaazar.ca\/index.php\/about\/\">Continue reading <span class=\"screen-reader-text\">About<\/span><\/a><\/p>\n","protected":false},"author":1,"featured_media":0,"parent":0,"menu_order":0,"comment_status":"closed","ping_status":"closed","template":"","meta":{"footnotes":""},"_links":{"self":[{"href":"https:\/\/rimaazar.ca\/index.php\/wp-json\/wp\/v2\/pages\/46"}],"collection":[{"href":"https:\/\/rimaazar.ca\/index.php\/wp-json\/wp\/v2\/pages"}],"about":[{"href":"https:\/\/rimaazar.ca\/index.php\/wp-json\/wp\/v2\/types\/page"}],"author":[{"embeddable":true,"href":"https:\/\/rimaazar.ca\/index.php\/wp-json\/wp\/v2\/users\/1"}],"replies":[{"embeddable":true,"href":"https:\/\/rimaazar.ca\/index.php\/wp-json\/wp\/v2\/comments?post=46"}],"version-history":[{"count":9,"href":"https:\/\/rimaazar.ca\/index.php\/wp-json\/wp\/v2\/pages\/46\/revisions"}],"predecessor-version":[{"id":250,"href":"https:\/\/rimaazar.ca\/index.php\/wp-json\/wp\/v2\/pages\/46\/revisions\/250"}],"wp:attachment":[{"href":"https:\/\/rimaazar.ca\/index.php\/wp-json\/wp\/v2\/media?parent=46"}],"curies":[{"name":"wp","href":"https:\/\/api.w.org\/{rel}","templated":true}]}}